{"id":16,"date":"2025-12-12T10:20:45","date_gmt":"2025-12-12T10:20:45","guid":{"rendered":"http:\/\/cinestc.cluster121.hosting.ovh.net\/?page_id=16"},"modified":"2026-02-16T13:17:32","modified_gmt":"2026-02-16T13:17:32","slug":"documentaires","status":"publish","type":"page","link":"https:\/\/www.cinestesia-film.com\/index.php\/documentaires\/","title":{"rendered":"Documentaires"},"content":{"rendered":"\t\t<div data-elementor-type=\"wp-page\" data-elementor-id=\"16\" class=\"elementor elementor-16\">\n\t\t\t\t<div class=\"elementor-element elementor-element-2fcbbcfb e-con-full e-flex e-con e-parent\" data-id=\"2fcbbcfb\" data-element_type=\"container\">\n\t\t\t\t<div class=\"elementor-element elementor-element-8ab001e elementor-widget elementor-widget-heading\" data-id=\"8ab001e\" data-element_type=\"widget\" data-widget_type=\"heading.default\">\n\t\t\t\t\t<h2 class=\"elementor-heading-title elementor-size-default\">OXALA<\/h2>\t\t\t\t<\/div>\n\t\t<div class=\"elementor-element elementor-element-d6667e3 e-grid e-con-boxed e-con e-child\" data-id=\"d6667e3\" data-element_type=\"container\">\n\t\t\t\t\t<div class=\"e-con-inner\">\n\t\t\t\t<div class=\"elementor-element elementor-element-48ba4fe elementor-widget elementor-widget-image\" data-id=\"48ba4fe\" data-element_type=\"widget\" data-widget_type=\"image.default\">\n\t\t\t\t\t\t\t\t\t\t\t\t\t\t\t<img fetchpriority=\"high\" decoding=\"async\" width=\"724\" height=\"1024\" src=\"https:\/\/www.cinestesia-film.com\/wp-content\/uploads\/2025\/12\/affiche-oxala-A3-eng-V2-724x1024.jpg\" class=\"attachment-large size-large wp-image-17\" alt=\"\" srcset=\"https:\/\/www.cinestesia-film.com\/wp-content\/uploads\/2025\/12\/affiche-oxala-A3-eng-V2-724x1024.jpg 724w, https:\/\/www.cinestesia-film.com\/wp-content\/uploads\/2025\/12\/affiche-oxala-A3-eng-V2-212x300.jpg 212w, https:\/\/www.cinestesia-film.com\/wp-content\/uploads\/2025\/12\/affiche-oxala-A3-eng-V2-768x1086.jpg 768w, https:\/\/www.cinestesia-film.com\/wp-content\/uploads\/2025\/12\/affiche-oxala-A3-eng-V2-scaled.jpg 1810w\" sizes=\"(max-width: 724px) 100vw, 724px\" \/>\t\t\t\t\t\t\t\t\t\t\t\t\t\t\t<\/div>\n\t\t\t\t<div class=\"elementor-element elementor-element-b7e3fc8 elementor-widget elementor-widget-text-editor\" data-id=\"b7e3fc8\" data-element_type=\"widget\" data-widget_type=\"text-editor.default\">\n\t\t\t\t\t\t\t\t\t<p data-start=\"0\" data-end=\"196\"><strong data-start=\"0\" data-end=\"32\">Documentaire HD \u2013 40 minutes<\/strong><br data-start=\"32\" data-end=\"35\" \/>Producteur : Cinestesia Film<br data-start=\"63\" data-end=\"66\" \/>Ann\u00e9e : 2022<br data-start=\"78\" data-end=\"81\" \/>Th\u00e8me : Aventure, Base jump, Voile, Endurance, Voyage<br data-start=\"134\" data-end=\"137\" \/>Langues audio : Fran\u00e7ais, Anglais<br data-start=\"170\" data-end=\"173\" \/>Sous-titres : Anglais<\/p><p data-start=\"198\" data-end=\"362\">R\u00e9alisateur : Jeremy Condamine<br data-start=\"228\" data-end=\"231\" \/>Producteur : Jucyan Okretic<br data-start=\"258\" data-end=\"261\" \/>Directeur de la photographie &amp; Monteur : Jeremy Condamine<br data-start=\"318\" data-end=\"321\" \/>Musiques originales : Alina Dunaevskaya<\/p>\t\t\t\t\t\t\t\t<\/div>\n\t\t\t\t<div class=\"elementor-element elementor-element-638545b elementor-widget elementor-widget-text-editor\" data-id=\"638545b\" data-element_type=\"widget\" data-widget_type=\"text-editor.default\">\n\t\t\t\t\t\t\t\t\t<p>Pendant 7 jours une \u00e9quipe d&rsquo;aventuriers internationaux explore les rivages de la C\u00f4te d&rsquo;Azur sur le voilier Oxala \u00e0 la recherche de sensations fortes. L&rsquo;id\u00e9e est de r\u00e9unir une \u00e9quipe de passionn\u00e9s de plein air et de rejoindre le Massif des Calanques par la mer.<\/p>\t\t\t\t\t\t\t\t<\/div>\n\t\t\t\t<div class=\"elementor-element elementor-element-00ef7bf elementor-widget elementor-widget-image\" data-id=\"00ef7bf\" data-element_type=\"widget\" data-widget_type=\"image.default\">\n\t\t\t\t\t\t\t\t\t\t\t\t\t\t\t<img decoding=\"async\" width=\"1024\" height=\"683\" src=\"https:\/\/www.cinestesia-film.com\/wp-content\/uploads\/2026\/02\/IMG1312-1024x683.jpg\" class=\"attachment-large size-large wp-image-317\" alt=\"\" srcset=\"https:\/\/www.cinestesia-film.com\/wp-content\/uploads\/2026\/02\/IMG1312-1024x683.jpg 1024w, https:\/\/www.cinestesia-film.com\/wp-content\/uploads\/2026\/02\/IMG1312-300x200.jpg 300w, https:\/\/www.cinestesia-film.com\/wp-content\/uploads\/2026\/02\/IMG1312-768x512.jpg 768w, https:\/\/www.cinestesia-film.com\/wp-content\/uploads\/2026\/02\/IMG1312.jpg 1152w\" sizes=\"(max-width: 1024px) 100vw, 1024px\" \/>\t\t\t\t\t\t\t\t\t\t\t\t\t\t\t<\/div>\n\t\t\t\t\t<\/div>\n\t\t\t\t<\/div>\n\t\t\t\t<div class=\"elementor-element elementor-element-a32e05b elementor-widget elementor-widget-image\" data-id=\"a32e05b\" data-element_type=\"widget\" data-widget_type=\"image.default\">\n\t\t\t\t\t\t\t\t\t\t\t\t\t\t\t<img decoding=\"async\" width=\"857\" height=\"495\" src=\"https:\/\/www.cinestesia-film.com\/wp-content\/uploads\/2026\/02\/Capture-decran-2026-02-16-a-11.33.01.png\" class=\"attachment-large size-large wp-image-316\" alt=\"\" srcset=\"https:\/\/www.cinestesia-film.com\/wp-content\/uploads\/2026\/02\/Capture-decran-2026-02-16-a-11.33.01.png 857w, https:\/\/www.cinestesia-film.com\/wp-content\/uploads\/2026\/02\/Capture-decran-2026-02-16-a-11.33.01-300x173.png 300w, https:\/\/www.cinestesia-film.com\/wp-content\/uploads\/2026\/02\/Capture-decran-2026-02-16-a-11.33.01-768x444.png 768w\" sizes=\"(max-width: 857px) 100vw, 857px\" \/>\t\t\t\t\t\t\t\t\t\t\t\t\t\t\t<\/div>\n\t\t\t\t<div class=\"elementor-element elementor-element-7e68598 elementor-widget elementor-widget-video\" data-id=\"7e68598\" data-element_type=\"widget\" data-settings=\"{&quot;youtube_url&quot;:&quot;https:\\\/\\\/www.youtube.com\\\/watch?v=gJRrBt8qXcI&amp;t=2s&quot;,&quot;video_type&quot;:&quot;youtube&quot;,&quot;controls&quot;:&quot;yes&quot;}\" data-widget_type=\"video.default\">\n\t\t\t\t\t\t\t<div class=\"elementor-wrapper elementor-open-inline\">\n\t\t\t<div class=\"elementor-video\"><\/div>\t\t<\/div>\n\t\t\t\t\t\t<\/div>\n\t\t\t\t<\/div>\n\t\t<div class=\"elementor-element elementor-element-4907477 e-con-full e-flex e-con e-parent\" data-id=\"4907477\" data-element_type=\"container\">\n\t\t\t\t<div class=\"elementor-element elementor-element-55e02b9 elementor-align-center elementor-widget elementor-widget-button\" data-id=\"55e02b9\" data-element_type=\"widget\" data-widget_type=\"button.default\">\n\t\t\t\t\t\t\t\t\t\t<a class=\"elementor-button elementor-button-link elementor-size-sm\" href=\"https:\/\/www.primevideo.com\/-\/fr\/detail\/Oxala\/0IY2NK1RPAY10XECS2IQWYBTPF\">\n\t\t\t\t\t\t<span class=\"elementor-button-content-wrapper\">\n\t\t\t\t\t\t\t\t\t<span class=\"elementor-button-text\">Watch movie<\/span>\n\t\t\t\t\t<\/span>\n\t\t\t\t\t<\/a>\n\t\t\t\t\t\t\t\t<\/div>\n\t\t\t\t<div class=\"elementor-element elementor-element-542ba77 elementor-widget elementor-widget-image\" data-id=\"542ba77\" data-element_type=\"widget\" data-widget_type=\"image.default\">\n\t\t\t\t\t\t\t\t\t\t\t\t\t\t\t<img decoding=\"async\" src=\"https:\/\/www.cinestesia-film.com\/wp-content\/uploads\/elementor\/thumbs\/Amazon_Prime_Video_logo_2024.svg_-rg3vx38jnexs0q4u09w9z0jd1d4i5eqsvj30to7rec.png\" title=\"Amazon_Prime_Video_logo_(2024).svg\" alt=\"Amazon_Prime_Video_logo_(2024).svg\" loading=\"lazy\" \/>\t\t\t\t\t\t\t\t\t\t\t\t\t\t\t<\/div>\n\t\t\t\t<div class=\"elementor-element elementor-element-fbbc893 elementor-widget-divider--view-line elementor-widget elementor-widget-divider\" data-id=\"fbbc893\" data-element_type=\"widget\" data-widget_type=\"divider.default\">\n\t\t\t\t\t\t\t<div class=\"elementor-divider\">\n\t\t\t<span class=\"elementor-divider-separator\">\n\t\t\t\t\t\t<\/span>\n\t\t<\/div>\n\t\t\t\t\t\t<\/div>\n\t\t\t\t<div class=\"elementor-element elementor-element-50fe144 elementor-widget elementor-widget-heading\" data-id=\"50fe144\" data-element_type=\"widget\" data-widget_type=\"heading.default\">\n\t\t\t\t\t<h2 class=\"elementor-heading-title elementor-size-default\">Bike &amp; BASE<\/h2>\t\t\t\t<\/div>\n\t\t<div class=\"elementor-element elementor-element-d3584e3 e-grid e-con-full e-con e-child\" data-id=\"d3584e3\" data-element_type=\"container\">\n\t\t\t\t<div class=\"elementor-element elementor-element-f516d89 elementor-widget elementor-widget-image\" data-id=\"f516d89\" data-element_type=\"widget\" data-widget_type=\"image.default\">\n\t\t\t\t\t\t\t\t\t\t\t\t\t\t\t<img loading=\"lazy\" decoding=\"async\" width=\"731\" height=\"1024\" src=\"https:\/\/www.cinestesia-film.com\/wp-content\/uploads\/2025\/12\/bhikebase_Poster-300-731x1024.jpg\" class=\"attachment-large size-large wp-image-111\" alt=\"\" srcset=\"https:\/\/www.cinestesia-film.com\/wp-content\/uploads\/2025\/12\/bhikebase_Poster-300-731x1024.jpg 731w, https:\/\/www.cinestesia-film.com\/wp-content\/uploads\/2025\/12\/bhikebase_Poster-300-214x300.jpg 214w, https:\/\/www.cinestesia-film.com\/wp-content\/uploads\/2025\/12\/bhikebase_Poster-300-768x1076.jpg 768w, https:\/\/www.cinestesia-film.com\/wp-content\/uploads\/2025\/12\/bhikebase_Poster-300-1097x1536.jpg 1097w, https:\/\/www.cinestesia-film.com\/wp-content\/uploads\/2025\/12\/bhikebase_Poster-300-1462x2048.jpg 1462w, https:\/\/www.cinestesia-film.com\/wp-content\/uploads\/2025\/12\/bhikebase_Poster-300-scaled.jpg 1828w\" sizes=\"(max-width: 731px) 100vw, 731px\" \/>\t\t\t\t\t\t\t\t\t\t\t\t\t\t\t<\/div>\n\t\t\t\t<div class=\"elementor-element elementor-element-af01497 elementor-widget elementor-widget-text-editor\" data-id=\"af01497\" data-element_type=\"widget\" data-widget_type=\"text-editor.default\">\n\t\t\t\t\t\t\t\t\t<p><strong data-start=\"369\" data-end=\"401\">Documentaire HD \u2013 52 minutes<\/strong><br data-start=\"401\" data-end=\"404\" \/>Producteur : Cinestesia Film<br data-start=\"432\" data-end=\"435\" \/>Ann\u00e9e : 2018<br data-start=\"447\" data-end=\"450\" \/>Th\u00e8me : Aventure, Base jump, Endurance, Voyage<br data-start=\"496\" data-end=\"499\" \/>Langues audio : Fran\u00e7ais, Anglais<\/p><p>Cette aventure est une exp\u00e9rience unique, un voyage qui combine le cyclisme et le base jump, et qui n\u2019a encore jamais \u00e9t\u00e9 r\u00e9alis\u00e9 auparavant.<br data-start=\"141\" data-end=\"144\" \/>L\u2019aventurier et base jumper Francky Malleus, 27 ans, originaire de France, passera un mois et demi \u00e0 v\u00e9lo en transportant uniquement son mat\u00e9riel de camping et son \u00e9quipement de base jump sur son porte-bagages, afin d\u2019aller sauter depuis les falaises des Alpes.<\/p>\t\t\t\t\t\t\t\t<\/div>\n\t\t\t\t<\/div>\n\t\t\t\t<div class=\"elementor-element elementor-element-a260404 elementor-widget elementor-widget-video\" data-id=\"a260404\" data-element_type=\"widget\" data-settings=\"{&quot;youtube_url&quot;:&quot;https:\\\/\\\/www.youtube.com\\\/watch?v=YRjRsSCwMPg&amp;t=1s&quot;,&quot;lazy_load&quot;:&quot;yes&quot;,&quot;video_type&quot;:&quot;youtube&quot;,&quot;controls&quot;:&quot;yes&quot;}\" data-widget_type=\"video.default\">\n\t\t\t\t\t\t\t<div class=\"elementor-wrapper elementor-open-inline\">\n\t\t\t<div class=\"elementor-video\"><\/div>\t\t<\/div>\n\t\t\t\t\t\t<\/div>\n\t\t\t\t<div class=\"elementor-element elementor-element-4720625 elementor-align-center elementor-widget elementor-widget-button\" data-id=\"4720625\" data-element_type=\"widget\" data-widget_type=\"button.default\">\n\t\t\t\t\t\t\t\t\t\t<a class=\"elementor-button elementor-button-link elementor-size-sm\" href=\"https:\/\/www.primevideo.com\/-\/fr\/detail\/Bhike-n-BASE\/0PDQ42ICGI3PQVEVI719DW8L3L\">\n\t\t\t\t\t\t<span class=\"elementor-button-content-wrapper\">\n\t\t\t\t\t\t\t\t\t<span class=\"elementor-button-text\">Watch the movie<\/span>\n\t\t\t\t\t<\/span>\n\t\t\t\t\t<\/a>\n\t\t\t\t\t\t\t\t<\/div>\n\t\t\t\t<div class=\"elementor-element elementor-element-e16d5fb elementor-widget elementor-widget-image\" data-id=\"e16d5fb\" data-element_type=\"widget\" data-widget_type=\"image.default\">\n\t\t\t\t\t\t\t\t\t\t\t\t\t\t\t<img decoding=\"async\" src=\"https:\/\/www.cinestesia-film.com\/wp-content\/uploads\/elementor\/thumbs\/Amazon_Prime_Video_logo_2024.svg_-rg3vx38jnexs0q4u09w9z0jd1d4i5eqsvj30to7rec.png\" title=\"Amazon_Prime_Video_logo_(2024).svg\" alt=\"Amazon_Prime_Video_logo_(2024).svg\" loading=\"lazy\" \/>\t\t\t\t\t\t\t\t\t\t\t\t\t\t\t<\/div>\n\t\t\t\t<div class=\"elementor-element elementor-element-57b334f elementor-widget-divider--view-line elementor-widget elementor-widget-divider\" data-id=\"57b334f\" data-element_type=\"widget\" data-widget_type=\"divider.default\">\n\t\t\t\t\t\t\t<div class=\"elementor-divider\">\n\t\t\t<span class=\"elementor-divider-separator\">\n\t\t\t\t\t\t<\/span>\n\t\t<\/div>\n\t\t\t\t\t\t<\/div>\n\t\t\t\t<div class=\"elementor-element elementor-element-b83274e elementor-widget elementor-widget-heading\" data-id=\"b83274e\" data-element_type=\"widget\" data-widget_type=\"heading.default\">\n\t\t\t\t\t<h2 class=\"elementor-heading-title elementor-size-default\">BIG SPEED<\/h2>\t\t\t\t<\/div>\n\t\t\t\t<div class=\"elementor-element elementor-element-dd97ab8 elementor-widget elementor-widget-video\" data-id=\"dd97ab8\" data-element_type=\"widget\" data-settings=\"{&quot;youtube_url&quot;:&quot;https:\\\/\\\/youtu.be\\\/6OgogdfTuUg&quot;,&quot;video_type&quot;:&quot;youtube&quot;,&quot;controls&quot;:&quot;yes&quot;}\" data-widget_type=\"video.default\">\n\t\t\t\t\t\t\t<div class=\"elementor-wrapper elementor-open-inline\">\n\t\t\t<div class=\"elementor-video\"><\/div>\t\t<\/div>\n\t\t\t\t\t\t<\/div>\n\t\t\t\t<div class=\"elementor-element elementor-element-6d80c1d elementor-widget elementor-widget-text-editor\" data-id=\"6d80c1d\" data-element_type=\"widget\" data-widget_type=\"text-editor.default\">\n\t\t\t\t\t\t\t\t\t<p>Tourn\u00e9 au c\u0153ur des Alpes fran\u00e7aises et italiennes, <strong><em>Big Speed<\/em><\/strong> suit Toto et Steph, 2 skieurs et parapentistes chevronn\u00e9s, en qu\u00eate d\u2019une aventure pure et engag\u00e9e. \u00c9quip\u00e9s de leur mat\u00e9riel de speedriding, ils s\u2019\u00e9lancent sur certaines des pentes les plus raides d\u2019Europe, o\u00f9 chaque descente devient un dialogue avec la montagne. Entre froid mordant, vents impr\u00e9visibles et gestion permanente du risque, ils repoussent leurs limites avec pr\u00e9cision, ma\u00eetrise et une intense mont\u00e9e d\u2019adr\u00e9naline. <strong><em>Big Speed<\/em><\/strong> est une immersion dans une pratique extr\u00eame o\u00f9 libert\u00e9, technicit\u00e9 et engagement ne font qu\u2019un.<\/p>\t\t\t\t\t\t\t\t<\/div>\n\t\t<div class=\"elementor-element elementor-element-49666fc e-grid e-con-boxed e-con e-child\" data-id=\"49666fc\" data-element_type=\"container\">\n\t\t\t\t\t<div class=\"e-con-inner\">\n\t\t\t\t<div class=\"elementor-element elementor-element-e0aa4b3 elementor-widget elementor-widget-image\" data-id=\"e0aa4b3\" data-element_type=\"widget\" data-widget_type=\"image.default\">\n\t\t\t\t\t\t\t\t\t\t\t\t\t\t\t<img loading=\"lazy\" decoding=\"async\" width=\"1024\" height=\"683\" src=\"https:\/\/www.cinestesia-film.com\/wp-content\/uploads\/2025\/12\/DSC07136-X3-1-1024x683.jpg\" class=\"attachment-large size-large wp-image-110\" alt=\"\" srcset=\"https:\/\/www.cinestesia-film.com\/wp-content\/uploads\/2025\/12\/DSC07136-X3-1-1024x683.jpg 1024w, https:\/\/www.cinestesia-film.com\/wp-content\/uploads\/2025\/12\/DSC07136-X3-1-300x200.jpg 300w, https:\/\/www.cinestesia-film.com\/wp-content\/uploads\/2025\/12\/DSC07136-X3-1-768x512.jpg 768w, https:\/\/www.cinestesia-film.com\/wp-content\/uploads\/2025\/12\/DSC07136-X3-1-1536x1024.jpg 1536w, https:\/\/www.cinestesia-film.com\/wp-content\/uploads\/2025\/12\/DSC07136-X3-1.jpg 1600w\" sizes=\"(max-width: 1024px) 100vw, 1024px\" \/>\t\t\t\t\t\t\t\t\t\t\t\t\t\t\t<\/div>\n\t\t\t\t<div class=\"elementor-element elementor-element-b8788df elementor-widget elementor-widget-text-editor\" data-id=\"b8788df\" data-element_type=\"widget\" data-widget_type=\"text-editor.default\">\n\t\t\t\t\t\t\t\t\t<p class=\"isSelectedEnd\">Big Speed<\/p><p>Documentaire HD \u2013 12 min<br \/>Production : Cinestesia Film<br \/>Ann\u00e9e : 2019<br \/>Th\u00e8me : Aventure, Montagne, Ski, Speed Flying, Hiver<br \/>Audio : Anglais<\/p>\t\t\t\t\t\t\t\t<\/div>\n\t\t\t\t<div class=\"elementor-element elementor-element-da18101 elementor-widget elementor-widget-image\" data-id=\"da18101\" data-element_type=\"widget\" data-widget_type=\"image.default\">\n\t\t\t\t\t\t\t\t\t\t\t\t\t\t\t<img loading=\"lazy\" decoding=\"async\" width=\"1024\" height=\"683\" src=\"https:\/\/www.cinestesia-film.com\/wp-content\/uploads\/2025\/12\/DSC07090-X4-1024x683.jpg\" class=\"attachment-large size-large wp-image-104\" alt=\"\" srcset=\"https:\/\/www.cinestesia-film.com\/wp-content\/uploads\/2025\/12\/DSC07090-X4-1024x683.jpg 1024w, https:\/\/www.cinestesia-film.com\/wp-content\/uploads\/2025\/12\/DSC07090-X4-300x200.jpg 300w, https:\/\/www.cinestesia-film.com\/wp-content\/uploads\/2025\/12\/DSC07090-X4-768x512.jpg 768w, https:\/\/www.cinestesia-film.com\/wp-content\/uploads\/2025\/12\/DSC07090-X4-1536x1025.jpg 1536w, https:\/\/www.cinestesia-film.com\/wp-content\/uploads\/2025\/12\/DSC07090-X4.jpg 2048w\" sizes=\"(max-width: 1024px) 100vw, 1024px\" \/>\t\t\t\t\t\t\t\t\t\t\t\t\t\t\t<\/div>\n\t\t\t\t<div class=\"elementor-element elementor-element-c28986f elementor-widget elementor-widget-image\" data-id=\"c28986f\" data-element_type=\"widget\" data-widget_type=\"image.default\">\n\t\t\t\t\t\t\t\t\t\t\t\t\t\t\t<img loading=\"lazy\" decoding=\"async\" width=\"1024\" height=\"574\" src=\"https:\/\/www.cinestesia-film.com\/wp-content\/uploads\/2025\/12\/DSC07433-X3-1024x574.jpg\" class=\"attachment-large size-large wp-image-108\" alt=\"\" srcset=\"https:\/\/www.cinestesia-film.com\/wp-content\/uploads\/2025\/12\/DSC07433-X3-1024x574.jpg 1024w, https:\/\/www.cinestesia-film.com\/wp-content\/uploads\/2025\/12\/DSC07433-X3-300x168.jpg 300w, https:\/\/www.cinestesia-film.com\/wp-content\/uploads\/2025\/12\/DSC07433-X3-768x431.jpg 768w, https:\/\/www.cinestesia-film.com\/wp-content\/uploads\/2025\/12\/DSC07433-X3-1536x861.jpg 1536w, https:\/\/www.cinestesia-film.com\/wp-content\/uploads\/2025\/12\/DSC07433-X3.jpg 1600w\" sizes=\"(max-width: 1024px) 100vw, 1024px\" \/>\t\t\t\t\t\t\t\t\t\t\t\t\t\t\t<\/div>\n\t\t\t\t<div class=\"elementor-element elementor-element-aa3dd2c elementor-widget elementor-widget-image\" data-id=\"aa3dd2c\" data-element_type=\"widget\" data-widget_type=\"image.default\">\n\t\t\t\t\t\t\t\t\t\t\t\t\t\t\t<img loading=\"lazy\" decoding=\"async\" width=\"1024\" height=\"576\" src=\"https:\/\/www.cinestesia-film.com\/wp-content\/uploads\/2025\/12\/DSC07133-X3-1024x576.jpg\" class=\"attachment-large size-large wp-image-105\" alt=\"\" srcset=\"https:\/\/www.cinestesia-film.com\/wp-content\/uploads\/2025\/12\/DSC07133-X3-1024x576.jpg 1024w, https:\/\/www.cinestesia-film.com\/wp-content\/uploads\/2025\/12\/DSC07133-X3-300x169.jpg 300w, https:\/\/www.cinestesia-film.com\/wp-content\/uploads\/2025\/12\/DSC07133-X3-768x432.jpg 768w, https:\/\/www.cinestesia-film.com\/wp-content\/uploads\/2025\/12\/DSC07133-X3-1536x864.jpg 1536w, https:\/\/www.cinestesia-film.com\/wp-content\/uploads\/2025\/12\/DSC07133-X3.jpg 1599w\" sizes=\"(max-width: 1024px) 100vw, 1024px\" \/>\t\t\t\t\t\t\t\t\t\t\t\t\t\t\t<\/div>\n\t\t\t\t<div class=\"elementor-element elementor-element-19d7dfc elementor-widget elementor-widget-image\" data-id=\"19d7dfc\" data-element_type=\"widget\" data-widget_type=\"image.default\">\n\t\t\t\t\t\t\t\t\t\t\t\t\t\t\t<img loading=\"lazy\" decoding=\"async\" width=\"1024\" height=\"573\" src=\"https:\/\/www.cinestesia-film.com\/wp-content\/uploads\/2025\/12\/DSC07143-X3-1024x573.jpg\" class=\"attachment-large size-large wp-image-107\" alt=\"\" srcset=\"https:\/\/www.cinestesia-film.com\/wp-content\/uploads\/2025\/12\/DSC07143-X3-1024x573.jpg 1024w, https:\/\/www.cinestesia-film.com\/wp-content\/uploads\/2025\/12\/DSC07143-X3-300x168.jpg 300w, https:\/\/www.cinestesia-film.com\/wp-content\/uploads\/2025\/12\/DSC07143-X3-768x430.jpg 768w, https:\/\/www.cinestesia-film.com\/wp-content\/uploads\/2025\/12\/DSC07143-X3-1536x859.jpg 1536w, https:\/\/www.cinestesia-film.com\/wp-content\/uploads\/2025\/12\/DSC07143-X3.jpg 1600w\" sizes=\"(max-width: 1024px) 100vw, 1024px\" \/>\t\t\t\t\t\t\t\t\t\t\t\t\t\t\t<\/div>\n\t\t\t\t\t<\/div>\n\t\t\t\t<\/div>\n\t\t<div class=\"elementor-element elementor-element-d1b644b e-flex e-con-boxed e-con e-child\" data-id=\"d1b644b\" data-element_type=\"container\">\n\t\t\t\t\t<div class=\"e-con-inner\">\n\t\t\t\t<div class=\"elementor-element elementor-element-6693d75 elementor-widget-divider--view-line elementor-widget elementor-widget-divider\" data-id=\"6693d75\" data-element_type=\"widget\" data-widget_type=\"divider.default\">\n\t\t\t\t\t\t\t<div class=\"elementor-divider\">\n\t\t\t<span class=\"elementor-divider-separator\">\n\t\t\t\t\t\t<\/span>\n\t\t<\/div>\n\t\t\t\t\t\t<\/div>\n\t\t\t\t<div class=\"elementor-element elementor-element-42dbd2b elementor-widget elementor-widget-heading\" data-id=\"42dbd2b\" data-element_type=\"widget\" data-widget_type=\"heading.default\">\n\t\t\t\t\t<h2 class=\"elementor-heading-title elementor-size-default\">XTREME ACCESS<\/h2>\t\t\t\t<\/div>\n\t\t\t\t<div class=\"elementor-element elementor-element-4e1c8c6 elementor-widget elementor-widget-text-editor\" data-id=\"4e1c8c6\" data-element_type=\"widget\" data-widget_type=\"text-editor.default\">\n\t\t\t\t\t\t\t\t\t<p>Documentaire HD \u2013 26 min<br \/>Production : Cinestesia Film<br \/>Ann\u00e9e : 2017<br \/>Th\u00e8me : Portraits d\u2019athl\u00e8tes, Handicap, Ski<br \/>Audio : Fran\u00e7ais<br \/>Sous-titres : Anglais<\/p>\t\t\t\t\t\t\t\t<\/div>\n\t\t\t\t<div class=\"elementor-element elementor-element-3c9952b elementor-widget elementor-widget-video\" data-id=\"3c9952b\" data-element_type=\"widget\" data-settings=\"{&quot;youtube_url&quot;:&quot;https:\\\/\\\/www.youtube.com\\\/watch?v=wqQcogwVhNk&quot;,&quot;video_type&quot;:&quot;youtube&quot;,&quot;controls&quot;:&quot;yes&quot;}\" data-widget_type=\"video.default\">\n\t\t\t\t\t\t\t<div class=\"elementor-wrapper elementor-open-inline\">\n\t\t\t<div class=\"elementor-video\"><\/div>\t\t<\/div>\n\t\t\t\t\t\t<\/div>\n\t\t\t\t<div class=\"elementor-element elementor-element-d6a64e8 elementor-align-center elementor-widget elementor-widget-button\" data-id=\"d6a64e8\" data-element_type=\"widget\" data-widget_type=\"button.default\">\n\t\t\t\t\t\t\t\t\t\t<a class=\"elementor-button elementor-button-link elementor-size-sm\" href=\"https:\/\/www.primevideo.com\/-\/fr\/detail\/Xtreme-Access\/0K64XC5T2SVAN5DRTN9O5WVPTG\">\n\t\t\t\t\t\t<span class=\"elementor-button-content-wrapper\">\n\t\t\t\t\t\t\t\t\t<span class=\"elementor-button-text\">Watch Movie<\/span>\n\t\t\t\t\t<\/span>\n\t\t\t\t\t<\/a>\n\t\t\t\t\t\t\t\t<\/div>\n\t\t\t\t<div class=\"elementor-element elementor-element-5aebc69 elementor-widget elementor-widget-image\" data-id=\"5aebc69\" data-element_type=\"widget\" data-widget_type=\"image.default\">\n\t\t\t\t\t\t\t\t\t\t\t\t\t\t\t<img decoding=\"async\" src=\"https:\/\/www.cinestesia-film.com\/wp-content\/uploads\/elementor\/thumbs\/Amazon_Prime_Video_logo_2024.svg_-rg3vx38jnexs0q4u09w9z0jd1d4i5eqsvj30to7rec.png\" title=\"Amazon_Prime_Video_logo_(2024).svg\" alt=\"Amazon_Prime_Video_logo_(2024).svg\" loading=\"lazy\" \/>\t\t\t\t\t\t\t\t\t\t\t\t\t\t\t<\/div>\n\t\t\t\t\t<\/div>\n\t\t\t\t<\/div>\n\t\t\t\t<\/div>\n\t\t\t\t<\/div>\n\t\t","protected":false},"excerpt":{"rendered":"<p>OXALA Documentaire HD \u2013 40 minutesProducteur : Cinestesia FilmAnn\u00e9e : 2022Th\u00e8me : Aventure, Base jump, Voile, Endurance, VoyageLangues audio : Fran\u00e7ais, AnglaisSous-titres : Anglais R\u00e9alisateur : Jeremy CondamineProducteur : Jucyan OkreticDirecteur de la photographie &amp; Monteur : Jeremy CondamineMusiques originales : Alina Dunaevskaya Pendant 7 jours une \u00e9quipe d&rsquo;aventuriers internationaux explore les rivages de la [&hellip;]<\/p>\n","protected":false},"author":1,"featured_media":0,"parent":0,"menu_order":0,"comment_status":"closed","ping_status":"closed","template":"","meta":{"footnotes":""},"class_list":["post-16","page","type-page","status-publish","hentry"],"_links":{"self":[{"href":"https:\/\/www.cinestesia-film.com\/index.php\/wp-json\/wp\/v2\/pages\/16","targetHints":{"allow":["GET"]}}],"collection":[{"href":"https:\/\/www.cinestesia-film.com\/index.php\/wp-json\/wp\/v2\/pages"}],"about":[{"href":"https:\/\/www.cinestesia-film.com\/index.php\/wp-json\/wp\/v2\/types\/page"}],"author":[{"embeddable":true,"href":"https:\/\/www.cinestesia-film.com\/index.php\/wp-json\/wp\/v2\/users\/1"}],"replies":[{"embeddable":true,"href":"https:\/\/www.cinestesia-film.com\/index.php\/wp-json\/wp\/v2\/comments?post=16"}],"version-history":[{"count":46,"href":"https:\/\/www.cinestesia-film.com\/index.php\/wp-json\/wp\/v2\/pages\/16\/revisions"}],"predecessor-version":[{"id":327,"href":"https:\/\/www.cinestesia-film.com\/index.php\/wp-json\/wp\/v2\/pages\/16\/revisions\/327"}],"wp:attachment":[{"href":"https:\/\/www.cinestesia-film.com\/index.php\/wp-json\/wp\/v2\/media?parent=16"}],"curies":[{"name":"wp","href":"https:\/\/api.w.org\/{rel}","templated":true}]}}