{"id":21,"date":"2025-12-12T10:21:56","date_gmt":"2025-12-12T10:21:56","guid":{"rendered":"http:\/\/cinestc.cluster121.hosting.ovh.net\/?page_id=21"},"modified":"2026-02-16T13:21:09","modified_gmt":"2026-02-16T13:21:09","slug":"film-court-metrage","status":"publish","type":"page","link":"https:\/\/www.cinestesia-film.com\/index.php\/film-court-metrage\/","title":{"rendered":"FILMS"},"content":{"rendered":"\t\t<div data-elementor-type=\"wp-page\" data-elementor-id=\"21\" class=\"elementor elementor-21\">\n\t\t\t\t<div class=\"elementor-element elementor-element-afc79c9 e-flex e-con-boxed e-con e-parent\" data-id=\"afc79c9\" data-element_type=\"container\">\n\t\t\t\t\t<div class=\"e-con-inner\">\n\t\t\t\t<div class=\"elementor-element elementor-element-b01753f elementor-widget elementor-widget-heading\" data-id=\"b01753f\" data-element_type=\"widget\" data-widget_type=\"heading.default\">\n\t\t\t\t\t<h5 class=\"elementor-heading-title elementor-size-default\">Red Tape <\/h5>\t\t\t\t<\/div>\n\t\t<div class=\"elementor-element elementor-element-825324f e-grid e-con-full e-con e-child\" data-id=\"825324f\" data-element_type=\"container\">\n\t\t\t\t<div class=\"elementor-element elementor-element-4d21c76 elementor-widget elementor-widget-image\" data-id=\"4d21c76\" data-element_type=\"widget\" data-widget_type=\"image.default\">\n\t\t\t\t\t\t\t\t\t\t\t\t\t\t\t<img fetchpriority=\"high\" decoding=\"async\" width=\"768\" height=\"512\" src=\"https:\/\/www.cinestesia-film.com\/wp-content\/uploads\/2026\/01\/redtape-cover-768x512.png\" class=\"attachment-medium_large size-medium_large wp-image-184\" alt=\"\" srcset=\"https:\/\/www.cinestesia-film.com\/wp-content\/uploads\/2026\/01\/redtape-cover-768x512.png 768w, https:\/\/www.cinestesia-film.com\/wp-content\/uploads\/2026\/01\/redtape-cover-300x200.png 300w, https:\/\/www.cinestesia-film.com\/wp-content\/uploads\/2026\/01\/redtape-cover-1024x683.png 1024w, https:\/\/www.cinestesia-film.com\/wp-content\/uploads\/2026\/01\/redtape-cover.png 1536w\" sizes=\"(max-width: 768px) 100vw, 768px\" \/>\t\t\t\t\t\t\t\t\t\t\t\t\t\t\t<\/div>\n\t\t\t\t<div class=\"elementor-element elementor-element-7acd981 elementor-widget elementor-widget-text-editor\" data-id=\"7acd981\" data-element_type=\"widget\" data-widget_type=\"text-editor.default\">\n\t\t\t\t\t\t\t\t\t<p>RED TAPE est un court-m\u00e9trage artistique pour <em>le Nikon festival format court 2mn 20.<\/em><\/p><p>Ce film explore le regard d&rsquo;un homme sur la beaut\u00e9 de sa femme. Cependant cette beaut\u00e9 tant fantasm\u00e9e ne cacherait-elle pas une autre r\u00e9alit\u00e9 ?<\/p>\t\t\t\t\t\t\t\t<\/div>\n\t\t\t\t<\/div>\n\t\t\t\t<div class=\"elementor-element elementor-element-de62df3 elementor-widget elementor-widget-video\" data-id=\"de62df3\" data-element_type=\"widget\" data-settings=\"{&quot;youtube_url&quot;:&quot;youtube.com\\\/watch?v=Neh0NXCPq58&amp;embeds_referring_euri=https%3A%2F%2Fwww.festivalnikon.fr%2F&amp;source_ve_path=Mjg2NjY&quot;,&quot;video_type&quot;:&quot;youtube&quot;,&quot;controls&quot;:&quot;yes&quot;}\" data-widget_type=\"video.default\">\n\t\t\t\t\t\t\t<div class=\"elementor-wrapper elementor-open-inline\">\n\t\t\t<div class=\"elementor-video\"><\/div>\t\t<\/div>\n\t\t\t\t\t\t<\/div>\n\t\t\t\t\t<\/div>\n\t\t\t\t<\/div>\n\t\t<div class=\"elementor-element elementor-element-5d661a3b e-con-full e-flex e-con e-parent\" data-id=\"5d661a3b\" data-element_type=\"container\">\n\t\t<div class=\"elementor-element elementor-element-a1db5ec e-con-full e-flex e-con e-child\" data-id=\"a1db5ec\" data-element_type=\"container\">\n\t\t\t\t<div class=\"elementor-element elementor-element-f495ac9 elementor-widget elementor-widget-heading\" data-id=\"f495ac9\" data-element_type=\"widget\" data-widget_type=\"heading.default\">\n\t\t\t\t\t<h5 class=\"elementor-heading-title elementor-size-default\">Hello JoJo<\/h5>\t\t\t\t<\/div>\n\t\t\t\t<div class=\"elementor-element elementor-element-c18ba19 elementor-widget elementor-widget-image\" data-id=\"c18ba19\" data-element_type=\"widget\" data-widget_type=\"image.default\">\n\t\t\t\t\t\t\t\t\t\t\t\t\t\t\t<img decoding=\"async\" width=\"389\" height=\"550\" src=\"https:\/\/www.cinestesia-film.com\/wp-content\/uploads\/2026\/01\/Poster-Hello-JOJO-Film-2026.png\" class=\"attachment-large size-large wp-image-203\" alt=\"\" srcset=\"https:\/\/www.cinestesia-film.com\/wp-content\/uploads\/2026\/01\/Poster-Hello-JOJO-Film-2026.png 389w, https:\/\/www.cinestesia-film.com\/wp-content\/uploads\/2026\/01\/Poster-Hello-JOJO-Film-2026-212x300.png 212w\" sizes=\"(max-width: 389px) 100vw, 389px\" \/>\t\t\t\t\t\t\t\t\t\t\t\t\t\t\t<\/div>\n\t\t<div class=\"elementor-element elementor-element-75f9ef6 e-grid e-con-full e-con e-child\" data-id=\"75f9ef6\" data-element_type=\"container\">\n\t\t\t\t<div class=\"elementor-element elementor-element-15b5355 elementor-widget elementor-widget-image\" data-id=\"15b5355\" data-element_type=\"widget\" data-widget_type=\"image.default\">\n\t\t\t\t\t\t\t\t\t\t\t\t\t\t\t<img decoding=\"async\" width=\"1024\" height=\"574\" src=\"https:\/\/www.cinestesia-film.com\/wp-content\/uploads\/2026\/01\/Photos-Hello-JOJO-Film-2025-1024x574.jpg\" class=\"attachment-large size-large wp-image-207\" alt=\"\" srcset=\"https:\/\/www.cinestesia-film.com\/wp-content\/uploads\/2026\/01\/Photos-Hello-JOJO-Film-2025-1024x574.jpg 1024w, https:\/\/www.cinestesia-film.com\/wp-content\/uploads\/2026\/01\/Photos-Hello-JOJO-Film-2025-300x168.jpg 300w, https:\/\/www.cinestesia-film.com\/wp-content\/uploads\/2026\/01\/Photos-Hello-JOJO-Film-2025-768x431.jpg 768w, https:\/\/www.cinestesia-film.com\/wp-content\/uploads\/2026\/01\/Photos-Hello-JOJO-Film-2025-1536x862.jpg 1536w, https:\/\/www.cinestesia-film.com\/wp-content\/uploads\/2026\/01\/Photos-Hello-JOJO-Film-2025.jpg 1920w\" sizes=\"(max-width: 1024px) 100vw, 1024px\" \/>\t\t\t\t\t\t\t\t\t\t\t\t\t\t\t<\/div>\n\t\t\t\t<div class=\"elementor-element elementor-element-b914e2e elementor-widget elementor-widget-image\" data-id=\"b914e2e\" data-element_type=\"widget\" data-widget_type=\"image.default\">\n\t\t\t\t\t\t\t\t\t\t\t\t\t\t\t<img loading=\"lazy\" decoding=\"async\" width=\"1024\" height=\"572\" src=\"https:\/\/www.cinestesia-film.com\/wp-content\/uploads\/2026\/01\/Photo2s-Hello-JOJO-Film-2025-1-1024x572.jpg\" class=\"attachment-large size-large wp-image-208\" alt=\"\" srcset=\"https:\/\/www.cinestesia-film.com\/wp-content\/uploads\/2026\/01\/Photo2s-Hello-JOJO-Film-2025-1-1024x572.jpg 1024w, https:\/\/www.cinestesia-film.com\/wp-content\/uploads\/2026\/01\/Photo2s-Hello-JOJO-Film-2025-1-300x168.jpg 300w, https:\/\/www.cinestesia-film.com\/wp-content\/uploads\/2026\/01\/Photo2s-Hello-JOJO-Film-2025-1-768x429.jpg 768w, https:\/\/www.cinestesia-film.com\/wp-content\/uploads\/2026\/01\/Photo2s-Hello-JOJO-Film-2025-1-1536x858.jpg 1536w, https:\/\/www.cinestesia-film.com\/wp-content\/uploads\/2026\/01\/Photo2s-Hello-JOJO-Film-2025-1.jpg 1920w\" sizes=\"(max-width: 1024px) 100vw, 1024px\" \/>\t\t\t\t\t\t\t\t\t\t\t\t\t\t\t<\/div>\n\t\t\t\t<div class=\"elementor-element elementor-element-d942caf elementor-widget elementor-widget-image\" data-id=\"d942caf\" data-element_type=\"widget\" data-widget_type=\"image.default\">\n\t\t\t\t\t\t\t\t\t\t\t\t\t\t\t<img loading=\"lazy\" decoding=\"async\" width=\"1024\" height=\"576\" src=\"https:\/\/www.cinestesia-film.com\/wp-content\/uploads\/2026\/01\/POSTERFRFF1-1024x576.jpg\" class=\"attachment-large size-large wp-image-209\" alt=\"\" srcset=\"https:\/\/www.cinestesia-film.com\/wp-content\/uploads\/2026\/01\/POSTERFRFF1-1024x576.jpg 1024w, https:\/\/www.cinestesia-film.com\/wp-content\/uploads\/2026\/01\/POSTERFRFF1-300x169.jpg 300w, https:\/\/www.cinestesia-film.com\/wp-content\/uploads\/2026\/01\/POSTERFRFF1-768x432.jpg 768w, https:\/\/www.cinestesia-film.com\/wp-content\/uploads\/2026\/01\/POSTERFRFF1.jpg 1280w\" sizes=\"(max-width: 1024px) 100vw, 1024px\" \/>\t\t\t\t\t\t\t\t\t\t\t\t\t\t\t<\/div>\n\t\t\t\t<div class=\"elementor-element elementor-element-e380b78 elementor-widget elementor-widget-text-editor\" data-id=\"e380b78\" data-element_type=\"widget\" data-widget_type=\"text-editor.default\">\n\t\t\t\t\t\t\t\t\t<p>Synopsis :<\/p><p><strong>Jojo<\/strong>, un jeune homme \u00e0 l\u2019humour d\u00e9contract\u00e9, accueille une femme myst\u00e9rieuse dans son modeste appartement \u00e0 <span class=\"hover:entity-accent entity-underline inline cursor-pointer align-baseline\"><span class=\"whitespace-normal\">Nice<\/span><\/span>. Ce qui commence comme une rencontre ordinaire prend rapidement une tournure \u00e9trange : son comportement et ses paroles \u00e9nigmatiques \u00e9veillent chez Jojo \u00e0 la fois curiosit\u00e9 et inqui\u00e9tude.<\/p>\t\t\t\t\t\t\t\t<\/div>\n\t\t\t\t<div class=\"elementor-element elementor-element-a02f874 elementor-widget elementor-widget-image\" data-id=\"a02f874\" data-element_type=\"widget\" data-widget_type=\"image.default\">\n\t\t\t\t\t\t\t\t\t\t\t\t\t\t\t<img loading=\"lazy\" decoding=\"async\" width=\"300\" height=\"293\" src=\"https:\/\/www.cinestesia-film.com\/wp-content\/uploads\/2026\/01\/Capture-decran-2024-05-03-a-15.10.33-300x293.png\" class=\"attachment-medium size-medium wp-image-216\" alt=\"\" srcset=\"https:\/\/www.cinestesia-film.com\/wp-content\/uploads\/2026\/01\/Capture-decran-2024-05-03-a-15.10.33-300x293.png 300w, https:\/\/www.cinestesia-film.com\/wp-content\/uploads\/2026\/01\/Capture-decran-2024-05-03-a-15.10.33-1024x1000.png 1024w, https:\/\/www.cinestesia-film.com\/wp-content\/uploads\/2026\/01\/Capture-decran-2024-05-03-a-15.10.33-768x750.png 768w, https:\/\/www.cinestesia-film.com\/wp-content\/uploads\/2026\/01\/Capture-decran-2024-05-03-a-15.10.33-1536x1500.png 1536w, https:\/\/www.cinestesia-film.com\/wp-content\/uploads\/2026\/01\/Capture-decran-2024-05-03-a-15.10.33-2048x2000.png 2048w\" sizes=\"(max-width: 300px) 100vw, 300px\" \/>\t\t\t\t\t\t\t\t\t\t\t\t\t\t\t<\/div>\n\t\t\t\t<\/div>\n\t\t\t\t<\/div>\n\t\t\t\t<\/div>\n\t\t<div class=\"elementor-element elementor-element-47f5464 e-flex e-con-boxed e-con e-parent\" data-id=\"47f5464\" data-element_type=\"container\">\n\t\t\t\t\t<div class=\"e-con-inner\">\n\t\t\t\t<div class=\"elementor-element elementor-element-b5be648 elementor-widget-divider--view-line elementor-widget elementor-widget-divider\" data-id=\"b5be648\" data-element_type=\"widget\" data-widget_type=\"divider.default\">\n\t\t\t\t\t\t\t<div class=\"elementor-divider\">\n\t\t\t<span class=\"elementor-divider-separator\">\n\t\t\t\t\t\t<\/span>\n\t\t<\/div>\n\t\t\t\t\t\t<\/div>\n\t\t\t\t\t<\/div>\n\t\t\t\t<\/div>\n\t\t<div class=\"elementor-element elementor-element-b9547d0 e-flex e-con-boxed e-con e-parent\" data-id=\"b9547d0\" data-element_type=\"container\">\n\t\t\t\t\t<div class=\"e-con-inner\">\n\t\t<div class=\"elementor-element elementor-element-b18a888 e-con-full e-flex e-con e-child\" data-id=\"b18a888\" data-element_type=\"container\">\n\t\t\t\t<div class=\"elementor-element elementor-element-b994b19 elementor-widget elementor-widget-text-editor\" data-id=\"b994b19\" data-element_type=\"widget\" data-widget_type=\"text-editor.default\">\n\t\t\t\t\t\t\t\t\t<p>La mauvaise cartouche (The bad shag.)\u00a0<\/p>\n<p>Court-m\u00e9trage de J\u00e9r\u00e9my Condamine\u00a0<\/p>\n<p>Ce film a remport\u00e9 2 prix lors du FRFF (French Riviera Film Festival) pendant le Festival de Cannes 2023 : <img decoding=\"async\" class=\"emoji\" role=\"img\" draggable=\"false\" src=\"https:\/\/s.w.org\/images\/core\/emoji\/17.0.2\/svg\/1f3c6.svg\" alt=\"\ud83c\udfc6\" \/>prix du meilleur court-m\u00e9trage, cat\u00e9gorie \u00ab\u00a0com\u00e9die\u00a0\u00bb et <img decoding=\"async\" class=\"emoji\" role=\"img\" draggable=\"false\" src=\"https:\/\/s.w.org\/images\/core\/emoji\/17.0.2\/svg\/1f3c6.svg\" alt=\"\ud83c\udfc6\" \/>prix du meilleur acteur (pour Micha\u00ebl Balducchi.)<\/p>\n<p>\u00a0Montage et \u00e9talonnage : J\u00e9r\u00e9my Condamine. Sc\u00e9nario : Cl\u00e9ment Pons et J\u00e9r\u00e9my Condamine. Acteurs : Micha\u00ebl Balducchi (le jeune homme) et Jacques Gumbau (le sage.)\u00a0<\/p>\n<p>Musique (BOF) : Thijs Koster &#8211; Revival. Ing\u00e9nieur du son : Erick Seban-Meyer.\u00a0<\/p>\n<p>Production : Cinestesia Film\u00a0<\/p>\n<p>Film tourn\u00e9 \u00e0 Cannes.<\/p>\n<p>Sortie le 19 Mai 2023.<\/p>\t\t\t\t\t\t\t\t<\/div>\n\t\t\t\t<\/div>\n\t\t<div class=\"elementor-element elementor-element-74d9fcf e-con-full e-flex e-con e-child\" data-id=\"74d9fcf\" data-element_type=\"container\">\n\t\t\t\t<div class=\"elementor-element elementor-element-c5c4ecd elementor-widget elementor-widget-image\" data-id=\"c5c4ecd\" data-element_type=\"widget\" data-widget_type=\"image.default\">\n\t\t\t\t\t\t\t\t\t\t\t\t\t\t\t<img loading=\"lazy\" decoding=\"async\" width=\"622\" height=\"867\" src=\"https:\/\/www.cinestesia-film.com\/wp-content\/uploads\/2026\/01\/Poster-LamauvaiseCartouche-Film-2023.png\" class=\"attachment-large size-large wp-image-218\" alt=\"\" srcset=\"https:\/\/www.cinestesia-film.com\/wp-content\/uploads\/2026\/01\/Poster-LamauvaiseCartouche-Film-2023.png 622w, https:\/\/www.cinestesia-film.com\/wp-content\/uploads\/2026\/01\/Poster-LamauvaiseCartouche-Film-2023-215x300.png 215w\" sizes=\"(max-width: 622px) 100vw, 622px\" \/>\t\t\t\t\t\t\t\t\t\t\t\t\t\t\t<\/div>\n\t\t\t\t<\/div>\n\t\t\t\t\t<\/div>\n\t\t\t\t<\/div>\n\t\t<div class=\"elementor-element elementor-element-7cd758e e-flex e-con-boxed e-con e-parent\" data-id=\"7cd758e\" data-element_type=\"container\">\n\t\t\t\t\t<div class=\"e-con-inner\">\n\t\t<div class=\"elementor-element elementor-element-e1c1fb0 e-grid e-con-full e-con e-child\" data-id=\"e1c1fb0\" data-element_type=\"container\">\n\t\t\t\t<div class=\"elementor-element elementor-element-4ade73f elementor-widget elementor-widget-image\" data-id=\"4ade73f\" data-element_type=\"widget\" data-widget_type=\"image.default\">\n\t\t\t\t\t\t\t\t\t\t\t\t\t\t\t<img loading=\"lazy\" decoding=\"async\" width=\"1024\" height=\"573\" src=\"https:\/\/www.cinestesia-film.com\/wp-content\/uploads\/2026\/01\/Capture-decran-2026-01-17-a-17.01.56-1024x573.png\" class=\"attachment-large size-large wp-image-219\" alt=\"\" srcset=\"https:\/\/www.cinestesia-film.com\/wp-content\/uploads\/2026\/01\/Capture-decran-2026-01-17-a-17.01.56-1024x573.png 1024w, https:\/\/www.cinestesia-film.com\/wp-content\/uploads\/2026\/01\/Capture-decran-2026-01-17-a-17.01.56-300x168.png 300w, https:\/\/www.cinestesia-film.com\/wp-content\/uploads\/2026\/01\/Capture-decran-2026-01-17-a-17.01.56-768x430.png 768w, https:\/\/www.cinestesia-film.com\/wp-content\/uploads\/2026\/01\/Capture-decran-2026-01-17-a-17.01.56.png 1322w\" sizes=\"(max-width: 1024px) 100vw, 1024px\" \/>\t\t\t\t\t\t\t\t\t\t\t\t\t\t\t<\/div>\n\t\t\t\t<div class=\"elementor-element elementor-element-ff7a8e6 elementor-widget elementor-widget-image\" data-id=\"ff7a8e6\" data-element_type=\"widget\" data-widget_type=\"image.default\">\n\t\t\t\t\t\t\t\t\t\t\t\t\t\t\t<img loading=\"lazy\" decoding=\"async\" width=\"1024\" height=\"572\" src=\"https:\/\/www.cinestesia-film.com\/wp-content\/uploads\/2026\/01\/Capture-decran-2026-01-17-a-17.02.25-1024x572.png\" class=\"attachment-large size-large wp-image-220\" alt=\"\" srcset=\"https:\/\/www.cinestesia-film.com\/wp-content\/uploads\/2026\/01\/Capture-decran-2026-01-17-a-17.02.25-1024x572.png 1024w, https:\/\/www.cinestesia-film.com\/wp-content\/uploads\/2026\/01\/Capture-decran-2026-01-17-a-17.02.25-300x168.png 300w, https:\/\/www.cinestesia-film.com\/wp-content\/uploads\/2026\/01\/Capture-decran-2026-01-17-a-17.02.25-768x429.png 768w, https:\/\/www.cinestesia-film.com\/wp-content\/uploads\/2026\/01\/Capture-decran-2026-01-17-a-17.02.25.png 1325w\" sizes=\"(max-width: 1024px) 100vw, 1024px\" \/>\t\t\t\t\t\t\t\t\t\t\t\t\t\t\t<\/div>\n\t\t\t\t<div class=\"elementor-element elementor-element-485619a elementor-widget elementor-widget-image\" data-id=\"485619a\" data-element_type=\"widget\" data-widget_type=\"image.default\">\n\t\t\t\t\t\t\t\t\t\t\t\t\t\t\t<img loading=\"lazy\" decoding=\"async\" width=\"1024\" height=\"571\" src=\"https:\/\/www.cinestesia-film.com\/wp-content\/uploads\/2026\/01\/Capture-decran-2026-01-17-a-17.02.41-1024x571.png\" class=\"attachment-large size-large wp-image-221\" alt=\"\" srcset=\"https:\/\/www.cinestesia-film.com\/wp-content\/uploads\/2026\/01\/Capture-decran-2026-01-17-a-17.02.41-1024x571.png 1024w, https:\/\/www.cinestesia-film.com\/wp-content\/uploads\/2026\/01\/Capture-decran-2026-01-17-a-17.02.41-300x167.png 300w, https:\/\/www.cinestesia-film.com\/wp-content\/uploads\/2026\/01\/Capture-decran-2026-01-17-a-17.02.41-768x428.png 768w, https:\/\/www.cinestesia-film.com\/wp-content\/uploads\/2026\/01\/Capture-decran-2026-01-17-a-17.02.41.png 1326w\" sizes=\"(max-width: 1024px) 100vw, 1024px\" \/>\t\t\t\t\t\t\t\t\t\t\t\t\t\t\t<\/div>\n\t\t\t\t<div class=\"elementor-element elementor-element-37b29b5 elementor-widget elementor-widget-image\" data-id=\"37b29b5\" data-element_type=\"widget\" data-widget_type=\"image.default\">\n\t\t\t\t\t\t\t\t\t\t\t\t\t\t\t<img loading=\"lazy\" decoding=\"async\" width=\"1024\" height=\"576\" src=\"https:\/\/www.cinestesia-film.com\/wp-content\/uploads\/2026\/01\/Capture-decran-2026-01-17-a-17.03.01-1024x576.png\" class=\"attachment-large size-large wp-image-222\" alt=\"\" srcset=\"https:\/\/www.cinestesia-film.com\/wp-content\/uploads\/2026\/01\/Capture-decran-2026-01-17-a-17.03.01-1024x576.png 1024w, https:\/\/www.cinestesia-film.com\/wp-content\/uploads\/2026\/01\/Capture-decran-2026-01-17-a-17.03.01-300x169.png 300w, https:\/\/www.cinestesia-film.com\/wp-content\/uploads\/2026\/01\/Capture-decran-2026-01-17-a-17.03.01-768x432.png 768w, https:\/\/www.cinestesia-film.com\/wp-content\/uploads\/2026\/01\/Capture-decran-2026-01-17-a-17.03.01.png 1324w\" sizes=\"(max-width: 1024px) 100vw, 1024px\" \/>\t\t\t\t\t\t\t\t\t\t\t\t\t\t\t<\/div>\n\t\t\t\t<div class=\"elementor-element elementor-element-24cea66 elementor-widget elementor-widget-image\" data-id=\"24cea66\" data-element_type=\"widget\" data-widget_type=\"image.default\">\n\t\t\t\t\t\t\t\t\t\t\t\t\t\t\t<img loading=\"lazy\" decoding=\"async\" width=\"1024\" height=\"575\" src=\"https:\/\/www.cinestesia-film.com\/wp-content\/uploads\/2026\/01\/Capture-decran-2026-01-17-a-17.03.17-1024x575.png\" class=\"attachment-large size-large wp-image-223\" alt=\"\" srcset=\"https:\/\/www.cinestesia-film.com\/wp-content\/uploads\/2026\/01\/Capture-decran-2026-01-17-a-17.03.17-1024x575.png 1024w, https:\/\/www.cinestesia-film.com\/wp-content\/uploads\/2026\/01\/Capture-decran-2026-01-17-a-17.03.17-300x168.png 300w, https:\/\/www.cinestesia-film.com\/wp-content\/uploads\/2026\/01\/Capture-decran-2026-01-17-a-17.03.17-768x431.png 768w, https:\/\/www.cinestesia-film.com\/wp-content\/uploads\/2026\/01\/Capture-decran-2026-01-17-a-17.03.17.png 1327w\" sizes=\"(max-width: 1024px) 100vw, 1024px\" \/>\t\t\t\t\t\t\t\t\t\t\t\t\t\t\t<\/div>\n\t\t\t\t<\/div>\n\t\t\t\t\t<\/div>\n\t\t\t\t<\/div>\n\t\t<div class=\"elementor-element elementor-element-b561893 e-flex e-con-boxed e-con e-parent\" data-id=\"b561893\" data-element_type=\"container\">\n\t\t\t\t\t<div class=\"e-con-inner\">\n\t\t<div class=\"elementor-element elementor-element-71e2250 e-con-full e-flex e-con e-child\" data-id=\"71e2250\" data-element_type=\"container\">\n\t\t\t\t<div class=\"elementor-element elementor-element-810f76b elementor-widget elementor-widget-video\" data-id=\"810f76b\" data-element_type=\"widget\" data-settings=\"{&quot;video_type&quot;:&quot;vimeo&quot;}\" data-widget_type=\"video.default\">\n\t\t\t\t\t\t\t<div class=\"elementor-wrapper elementor-open-inline\">\n\t\t\t<iframe class=\"elementor-video-iframe\" allowfullscreen allow=\"clipboard-write\" title=\"Lecteur vid\u00e9o vimeo\" src=\"https:\/\/player.vimeo.com\/video\/817044000?color&amp;autopause=0&amp;loop=0&amp;muted=0&amp;title=1&amp;portrait=1&amp;byline=1#t=\"><\/iframe>\t\t<\/div>\n\t\t\t\t\t\t<\/div>\n\t\t\t\t<\/div>\n\t\t\t\t\t<\/div>\n\t\t\t\t<\/div>\n\t\t\t\t<\/div>\n\t\t","protected":false},"excerpt":{"rendered":"<p>Red Tape RED TAPE est un court-m\u00e9trage artistique pour le Nikon festival format court 2mn 20. Ce film explore le regard d&rsquo;un homme sur la beaut\u00e9 de sa femme. Cependant cette beaut\u00e9 tant fantasm\u00e9e ne cacherait-elle pas une autre r\u00e9alit\u00e9 ? http:\/\/youtube.com\/watch?v=Neh0NXCPq58&#038;embeds_referring_euri=https%3A%2F%2Fwww.festivalnikon.fr%2F&#038;source_ve_path=Mjg2NjY Hello JoJo Synopsis : Jojo, un jeune homme \u00e0 l\u2019humour d\u00e9contract\u00e9, accueille une [&hellip;]<\/p>\n","protected":false},"author":1,"featured_media":0,"parent":0,"menu_order":0,"comment_status":"closed","ping_status":"closed","template":"","meta":{"footnotes":""},"class_list":["post-21","page","type-page","status-publish","hentry"],"_links":{"self":[{"href":"https:\/\/www.cinestesia-film.com\/index.php\/wp-json\/wp\/v2\/pages\/21","targetHints":{"allow":["GET"]}}],"collection":[{"href":"https:\/\/www.cinestesia-film.com\/index.php\/wp-json\/wp\/v2\/pages"}],"about":[{"href":"https:\/\/www.cinestesia-film.com\/index.php\/wp-json\/wp\/v2\/types\/page"}],"author":[{"embeddable":true,"href":"https:\/\/www.cinestesia-film.com\/index.php\/wp-json\/wp\/v2\/users\/1"}],"replies":[{"embeddable":true,"href":"https:\/\/www.cinestesia-film.com\/index.php\/wp-json\/wp\/v2\/comments?post=21"}],"version-history":[{"count":22,"href":"https:\/\/www.cinestesia-film.com\/index.php\/wp-json\/wp\/v2\/pages\/21\/revisions"}],"predecessor-version":[{"id":331,"href":"https:\/\/www.cinestesia-film.com\/index.php\/wp-json\/wp\/v2\/pages\/21\/revisions\/331"}],"wp:attachment":[{"href":"https:\/\/www.cinestesia-film.com\/index.php\/wp-json\/wp\/v2\/media?parent=21"}],"curies":[{"name":"wp","href":"https:\/\/api.w.org\/{rel}","templated":true}]}}